{"id":28,"date":"2022-01-04T18:44:16","date_gmt":"2022-01-04T18:44:16","guid":{"rendered":"https:\/\/bulletin.sipsych.org\/?page_id=28"},"modified":"2026-03-19T14:11:28","modified_gmt":"2026-03-19T14:11:28","slug":"sobre-el-boletin","status":"publish","type":"page","link":"https:\/\/bulletin.sipsych.org\/index.php\/sobre-el-boletin\/","title":{"rendered":"Sobre el bolet\u00edn"},"content":{"rendered":"\n<p>Estimadas y estimados colegas:<br><br>Nos complace invitarlos a publicar en el pr\u00f3ximo n\u00famero (N\u00fam. 116) del Bolet\u00edn de la SIP. Esperamos contar con tu colaboraci\u00f3n en alguna de las siguientes secciones:<\/p>\n\n\n\n<h2 class=\"wp-block-heading\">I&nbsp;SECCI\u00d3N&nbsp;&#8220;BREVES NOTICIAS\u201d<\/h2>\n\n\n\n<p>Objetivo en el Bolet\u00edn: dar difusi\u00f3n cient\u00edfica de trabajos de miembro SIP.<\/p>\n\n\n\n<p>Consiste&nbsp;en&nbsp;peque\u00f1as&nbsp;notas&nbsp;<strong>a&nbsp;manera&nbsp;de&nbsp;noticias&nbsp;<\/strong>(no&nbsp;la&nbsp;copia del&nbsp;resumen&nbsp;cient\u00ed\ufb01co)sobre los hallazgos, o avances, o conclusiones, etc., derivados de un trabajo tuyo, publicado en los \u00faltimos&nbsp;12 meses.&nbsp;<strong>Agrega un t\u00edtulo llamativo de unm\u00e1ximo de 10 palabras<\/strong>, para que tu nota atraiga al lector.<\/p>\n\n\n\n<p>1.&nbsp;Extensi\u00f3n&nbsp;aproximada&nbsp;de&nbsp;<strong>150&nbsp;palabras<\/strong>,&nbsp;en&nbsp;cualquier&nbsp;lengua&nbsp;o\ufb01cial&nbsp;de&nbsp;la&nbsp;SIP<\/p>\n\n\n\n<p>2.&nbsp;Incorpora,&nbsp;al&nbsp;\ufb01nal&nbsp;de&nbsp;la&nbsp;nota,&nbsp;la&nbsp;referencia&nbsp;en&nbsp;<strong>formato&nbsp;APA&nbsp;<\/strong>estricto&nbsp;del&nbsp;trabajo&nbsp;publicado,&nbsp;sobre el cual se basa la nota.<\/p>\n\n\n\n<p>3.&nbsp;<strong>Indispensable&nbsp;la&nbsp;traducci\u00f3n&nbsp;adicional&nbsp;<\/strong>a&nbsp;alguna&nbsp;otra&nbsp;lengua&nbsp;o\ufb01cial&nbsp;de&nbsp;la&nbsp;SIP&nbsp;(ingl\u00e9s,&nbsp;espa\u00f1ol,&nbsp;franc\u00e9s,&nbsp;portugu\u00e9s).&nbsp;Esto&nbsp;permitir\u00e1&nbsp;que&nbsp;tu&nbsp;trabajo&nbsp;tenga&nbsp;mayor&nbsp;divulgaci\u00f3n.<\/p>\n\n\n\n<p>No&nbsp;incluir&nbsp;notas&nbsp;de&nbsp;pie&nbsp;de&nbsp;p\u00e1gina.<\/p>\n\n\n\n<h2 class=\"wp-block-heading\">II&nbsp;&nbsp;&nbsp;SECCI\u00d3N&nbsp;MUNDO&nbsp;SIP<\/h2>\n\n\n\n<h3 class=\"wp-block-heading\">A)&nbsp;&nbsp;&nbsp;Grupos&nbsp;de&nbsp;Trabajo<\/h3>\n\n\n\n<p>Difundir conocimiento relevante con relaci\u00f3n a los temas y abordajes que realiza tu grupo de trabajo (Grupos de trabajo oficial de la SIP). Puedes comunicar y\/o difundir actividades, acciones, propuestas, investigaciones, tem\u00e1ticas actuales, etc. del GT. No incluir notas de pie de p\u00e1gina. T\u00edtulo&nbsp;breve,&nbsp;no&nbsp;m\u00e1s&nbsp;de&nbsp;10&nbsp;palabras.<\/p>\n\n\n\n<h3 class=\"wp-block-heading\">B)&nbsp;&nbsp;&nbsp;Representantes&nbsp;Nacionales<\/h3>\n\n\n\n<p>Destaca&nbsp;lo&nbsp;que&nbsp;consideres&nbsp;relevante&nbsp;respecto&nbsp;a&nbsp;la&nbsp;Psicolog\u00eda&nbsp;en&nbsp;tu&nbsp;pa\u00eds&nbsp;o&nbsp;algunas&nbsp;acciones&nbsp;que&nbsp;como representante nacional hayas realizado. Las posibilidades pueden ser tan diversas como lo es la Psicolog\u00eda&nbsp;y&nbsp;quienes&nbsp;la&nbsp;hacemos.&nbsp;T\u00edtulo&nbsp;breve,&nbsp;no&nbsp;m\u00e1s&nbsp;de&nbsp;10&nbsp;palabras.&nbsp;No&nbsp;incluir&nbsp;notas&nbsp;de&nbsp;pie&nbsp;de&nbsp;p\u00e1gina.<\/p>\n\n\n\n<p>En&nbsp;cualquiera&nbsp;de&nbsp;los&nbsp;dos&nbsp;casos&nbsp;(grupos&nbsp;de&nbsp;trabajo&nbsp;o&nbsp;representantes&nbsp;nacionales)&nbsp;es&nbsp;una&nbsp;nota&nbsp;breve, que invite a la lectura, aproximadamente entre 200 y 400 palabras. Puede ser menor o incluso mayor si&nbsp;as\u00ed&nbsp;se&nbsp;desea.&nbsp;No&nbsp;incluir&nbsp;notas&nbsp;de&nbsp;pie&nbsp;de&nbsp;p\u00e1gina. T\u00edtulo&nbsp;breve,&nbsp;no&nbsp;m\u00e1s&nbsp;de&nbsp;10&nbsp;palabras.<\/p>\n\n\n\n<h3 class=\"wp-block-heading\">C)&nbsp;&nbsp;&nbsp;Voces&nbsp;de&nbsp;la&nbsp;Membres\u00eda<\/h3>\n\n\n\n<p>Pueden ser reportes de experiencias profesionales o de intervenci\u00f3n, trabajos emp\u00edricos o ensayos.&nbsp;La&nbsp;extensi\u00f3n&nbsp;de&nbsp;tu&nbsp;contribuci\u00f3n&nbsp;puede&nbsp;ser&nbsp;variable:&nbsp;entre&nbsp;600&nbsp;y&nbsp;3000 palabras).&nbsp;&nbsp;Indispensable&nbsp;apego&nbsp;estricto&nbsp;al&nbsp;estilo&nbsp;APA,&nbsp;\u00faltima&nbsp;edici\u00f3n.&nbsp;No&nbsp;incluir&nbsp;notas&nbsp;de&nbsp;pie&nbsp;de&nbsp;p\u00e1gina. T\u00edtulo&nbsp;breve,&nbsp;no&nbsp;m\u00e1s&nbsp;de&nbsp;10&nbsp;palabras.<\/p>\n\n\n\n<p>Lengua:&nbsp;Cualquier&nbsp;lengua&nbsp;oficial&nbsp;de&nbsp;la&nbsp;SIP.&nbsp;Se&nbsp;agradece&nbsp;la&nbsp;traducci\u00f3n,&nbsp;si&nbsp;es&nbsp;posible,&nbsp;a&nbsp;alguna&nbsp;lengua adicional&nbsp;(ingl\u00e9s,&nbsp;espa\u00f1ol,&nbsp;portugu\u00e9s)&nbsp;para&nbsp;ayudar&nbsp;con&nbsp;la&nbsp;promoci\u00f3n&nbsp;de&nbsp;lo&nbsp;que&nbsp;divulgues<s>.<\/s><\/p>\n\n\n\n<p><strong>D)<\/strong>&nbsp;<strong>Novedades&nbsp;Editoriales.&nbsp;<\/strong>Rese\u00f1as&nbsp;de&nbsp;libros&nbsp;con&nbsp;autor\u00eda&nbsp;de&nbsp;la&nbsp;membres\u00eda&nbsp;o&nbsp;por&nbsp;parte&nbsp;de&nbsp;la membres\u00eda a otras y otros autores con contribuciones relevantes a la psicolog\u00eda de las Am\u00e9ricas. La extensi\u00f3n de tu contribuci\u00f3n puede ser variable: entre 500 y 1000 palabras. Indispensable apego estricto al estilo APA.No&nbsp;incluir&nbsp;notas&nbsp;de&nbsp;pie&nbsp;de&nbsp;p\u00e1gina.&nbsp;T\u00edtulo breve, no m\u00e1s de 12 palabras.<\/p>\n\n\n\n<h2 class=\"wp-block-heading\">III&nbsp;&nbsp;SECCI\u00d3N&nbsp;ORGULLO&nbsp;COMPARTIDO<\/h2>\n\n\n\n<p>\u00bfHas&nbsp;recibido&nbsp;recientemente&nbsp;una&nbsp;distinci\u00f3n&nbsp;o&nbsp;reconocimiento<strong>&nbsp;<\/strong>o&nbsp;conoces&nbsp;a una socia o socio de la SIP que lo haya recibido? Esta es una secci\u00f3n del bolet\u00edn dedicada a&nbsp;compartir&nbsp;las&nbsp;m\u00e1s&nbsp;recientes&nbsp;distinciones&nbsp;recibidas&nbsp;en&nbsp;el&nbsp;ejercicio&nbsp;profesional&nbsp;de&nbsp;la&nbsp;Psicolog\u00eda,&nbsp;as\u00ed como logros meritorios de las y los colegas miembros de la SIP.<\/p>\n\n\n\n<p>Env\u00eda&nbsp;el&nbsp;nombre&nbsp;de&nbsp;quien&nbsp;recibi\u00f3&nbsp;el&nbsp;galard\u00f3n&nbsp;(puedes&nbsp;ser&nbsp;t\u00fa),&nbsp;el&nbsp;t\u00edtulo&nbsp;del&nbsp;reconocimiento&nbsp;y&nbsp;una&nbsp;foto, preferentemente del momento de la premiaci\u00f3n.<\/p>\n\n\n\n<p><strong>Requisitos<\/strong>: membres\u00eda vigente y presentaci\u00f3n en dos idiomas (espa\u00f1ol, ingl\u00e9s, portugu\u00e9s o franc\u00e9s).<\/p>\n\n\n\n<p><strong>Fecha l\u00edmite:<\/strong>&nbsp;20 de mayo de 2026<\/p>\n\n\n\n<p>Env\u00ede su contribuci\u00f3n y consultas a nuestra Secretaria Ejecutiva de la Regi\u00f3n Sur, Dra. Fedra Freijo Becchero: e-mails:&nbsp;<a href=\"mailto:fedrafreijo@gmail.com\" target=\"_blank\" rel=\"noreferrer noopener\">fedrafreijo@gmail.com<\/a><\/p>\n","protected":false},"excerpt":{"rendered":"<p>Estimadas y estimados colegas: Nos complace invitarlos a publicar en el pr\u00f3ximo n\u00famero (N\u00fam. 116) del Bolet\u00edn de la SIP. Esperamos contar con tu colaboraci\u00f3n en alguna de las siguientes secciones: I&nbsp;SECCI\u00d3N&nbsp;&#8220;BREVES NOTICIAS\u201d Objetivo en el Bolet\u00edn: dar difusi\u00f3n cient\u00edfica de trabajos de miembro SIP. Consiste&nbsp;en&nbsp;peque\u00f1as&nbsp;notas&nbsp;a&nbsp;manera&nbsp;de&nbsp;noticias&nbsp;(no&nbsp;la&nbsp;copia del&nbsp;resumen&nbsp;cient\u00ed\ufb01co)sobre los hallazgos, o avances, o conclusiones, etc., derivados [&hellip;]<\/p>\n","protected":false},"author":2,"featured_media":0,"parent":0,"menu_order":0,"comment_status":"closed","ping_status":"closed","template":"","meta":{"_et_pb_use_builder":"off","_et_pb_old_content":"<!-- wp:paragraph -->\n<p>Psicolog\u00eda Interamericana\/Interamerican Psychology (SIP Bulletin) el bolet\u00edn  informativo de la <a href=\"https:\/\/sipsych.org\">Sociedad Interamericana de Psicolog\u00eda<\/a>. <\/p>\n<!-- \/wp:paragraph -->\n\n<!-- wp:paragraph -->\n<p>ISSN 1997-3748<\/p>\n<!-- \/wp:paragraph -->\n\n<!-- wp:paragraph -->\n<p>Los contenidos de este bolet\u00edn, son responsabilidad de quien los firma. La Sociedad Interamericana de Psicolog\u00eda no suscribe necesariamente las opiniones de las o los autores. El material original de este bolet\u00edn se distribuye bajo una licencia Creative Commons de Atribuci\u00f3n 4.0 Internacional (CC BY 4.0).<\/p>\n<!-- \/wp:paragraph -->\n\n<!-- wp:paragraph -->\n<p>Editor: Julio C. Penagos-Corzo. Universidad de Las Am\u00e9ricas Puebla (M\u00e9xico).<\/p>\n<!-- \/wp:paragraph -->","_et_gb_content_width":"","footnotes":""},"class_list":["post-28","page","type-page","status-publish","hentry"],"_links":{"self":[{"href":"https:\/\/bulletin.sipsych.org\/index.php\/wp-json\/wp\/v2\/pages\/28","targetHints":{"allow":["GET"]}}],"collection":[{"href":"https:\/\/bulletin.sipsych.org\/index.php\/wp-json\/wp\/v2\/pages"}],"about":[{"href":"https:\/\/bulletin.sipsych.org\/index.php\/wp-json\/wp\/v2\/types\/page"}],"author":[{"embeddable":true,"href":"https:\/\/bulletin.sipsych.org\/index.php\/wp-json\/wp\/v2\/users\/2"}],"replies":[{"embeddable":true,"href":"https:\/\/bulletin.sipsych.org\/index.php\/wp-json\/wp\/v2\/comments?post=28"}],"version-history":[{"count":6,"href":"https:\/\/bulletin.sipsych.org\/index.php\/wp-json\/wp\/v2\/pages\/28\/revisions"}],"predecessor-version":[{"id":1512,"href":"https:\/\/bulletin.sipsych.org\/index.php\/wp-json\/wp\/v2\/pages\/28\/revisions\/1512"}],"wp:attachment":[{"href":"https:\/\/bulletin.sipsych.org\/index.php\/wp-json\/wp\/v2\/media?parent=28"}],"curies":[{"name":"wp","href":"https:\/\/api.w.org\/{rel}","templated":true}]}}